{"id":14106,"date":"2025-08-28T07:14:17","date_gmt":"2025-08-28T05:14:17","guid":{"rendered":"https:\/\/www.topcontrol.it\/product\/balance-combinee-mhp-3100\/"},"modified":"2025-08-28T07:14:17","modified_gmt":"2025-08-28T05:14:17","slug":"balance-combinee-mhp-3100","status":"publish","type":"product","link":"https:\/\/www.topcontrol.it\/fr\/product\/balance-combinee-mhp-3100\/","title":{"rendered":"Balance combin\u00e9e MHP 3100"},"content":{"rendered":"<p class=\"p1\"><i>Robuste ethy<\/i><\/p>\n<p class=\"p1\"><i>conforme aux normes d&rsquo;hygi\u00e8ne<\/i><\/p>\n<p class=\"p1\"><i>construction en acier inoxydable<\/i><\/p>\n<p class=\"p1\"><i>IP65<\/i><\/p>\n<p class=\"p1\"><i>Berceaux<\/i><\/p>\n<p class=\"p1\"><i>Maximum<\/i><\/p>\n<p class=\"p1\"><i>Vitesse d&#8217;emballage<\/i><\/p>\n<p class=\"p1\"><i>La balance combin\u00e9e semi-automatique MHP 3000<\/i><\/p>\n<p class=\"p1\"><i>permet de compl\u00e9ter avec pr\u00e9cision les petits emballages<\/i><\/p>\n<p class=\"p1\"><i>pr\u00e9-remplis ou vides de raisins de table ou de tomates<\/i><\/p>\n<p class=\"p1\"><i>avec le poids manquant.<\/i><\/p>\n","protected":false},"excerpt":{"rendered":"<p>Robuste ethy conforme aux normes d&rsquo;hygi\u00e8ne construction en acier inoxydable IP65 Berceaux Maximum Vitesse d&#8217;emballage La balance combin\u00e9e semi-automatique MHP 3000 permet de compl\u00e9ter avec pr\u00e9cision les petits emballages pr\u00e9-remplis ou vides de raisins de table ou de tomates avec le poids manquant.<\/p>\n","protected":false},"featured_media":14051,"template":"","meta":{"_acf_changed":false,"site-sidebar-layout":"default","site-content-layout":"default","ast-site-content-layout":"default","site-content-style":"default","site-sidebar-style":"default","ast-global-header-display":"","ast-banner-title-visibility":"","ast-main-header-display":"","ast-hfb-above-header-display":"","ast-hfb-below-header-display":"","ast-hfb-mobile-header-display":"","site-post-title":"","ast-breadcrumbs-content":"","ast-featured-img":"","footer-sml-layout":"","ast-disable-related-posts":"","theme-transparent-header-meta":"default","adv-header-id-meta":"","stick-header-meta":"","header-above-stick-meta":"","header-main-stick-meta":"","header-below-stick-meta":"","astra-migrate-meta-layouts":"default","ast-page-background-enabled":"default","ast-page-background-meta":{"desktop":{"background-color":"var(--ast-global-color-4)","background-image":"","background-repeat":"repeat","background-position":"center center","background-size":"auto","background-attachment":"scroll","background-type":"","background-media":"","overlay-type":"","overlay-color":"","overlay-opacity":"","overlay-gradient":""},"tablet":{"background-color":"","background-image":"","background-repeat":"repeat","background-position":"center center","background-size":"auto","background-attachment":"scroll","background-type":"","background-media":"","overlay-type":"","overlay-color":"","overlay-opacity":"","overlay-gradient":""},"mobile":{"background-color":"","background-image":"","background-repeat":"repeat","background-position":"center center","background-size":"auto","background-attachment":"scroll","background-type":"","background-media":"","overlay-type":"","overlay-color":"","overlay-opacity":"","overlay-gradient":""}},"ast-content-background-meta":{"desktop":{"background-color":"var(--ast-global-color-5)","background-image":"","background-repeat":"repeat","background-position":"center center","background-size":"auto","background-attachment":"scroll","background-type":"","background-media":"","overlay-type":"","overlay-color":"","overlay-opacity":"","overlay-gradient":""},"tablet":{"background-color":"var(--ast-global-color-5)","background-image":"","background-repeat":"repeat","background-position":"center center","background-size":"auto","background-attachment":"scroll","background-type":"","background-media":"","overlay-type":"","overlay-color":"","overlay-opacity":"","overlay-gradient":""},"mobile":{"background-color":"var(--ast-global-color-5)","background-image":"","background-repeat":"repeat","background-position":"center center","background-size":"auto","background-attachment":"scroll","background-type":"","background-media":"","overlay-type":"","overlay-color":"","overlay-opacity":"","overlay-gradient":""}}},"product_brand":[],"product_cat":[291,254],"product_tag":[],"class_list":{"0":"post-14106","1":"product","2":"type-product","3":"status-publish","4":"has-post-thumbnail","6":"product_cat-trieuses-ponderales-automatiques","7":"product_cat-weighing-solutions","8":"desktop-align-left","9":"tablet-align-left","10":"mobile-align-left","11":"ast-product-gallery-layout-horizontal-slider","12":"ast-product-gallery-with-no-image","13":"ast-product-tabs-layout-horizontal","15":"first","16":"instock","17":"shipping-taxable","18":"product-type-simple"},"acf":[],"_links":{"self":[{"href":"https:\/\/www.topcontrol.it\/fr\/wp-json\/wp\/v2\/product\/14106","targetHints":{"allow":["GET"]}}],"collection":[{"href":"https:\/\/www.topcontrol.it\/fr\/wp-json\/wp\/v2\/product"}],"about":[{"href":"https:\/\/www.topcontrol.it\/fr\/wp-json\/wp\/v2\/types\/product"}],"wp:featuredmedia":[{"embeddable":true,"href":"https:\/\/www.topcontrol.it\/fr\/wp-json\/wp\/v2\/media\/14051"}],"wp:attachment":[{"href":"https:\/\/www.topcontrol.it\/fr\/wp-json\/wp\/v2\/media?parent=14106"}],"wp:term":[{"taxonomy":"product_brand","embeddable":true,"href":"https:\/\/www.topcontrol.it\/fr\/wp-json\/wp\/v2\/product_brand?post=14106"},{"taxonomy":"product_cat","embeddable":true,"href":"https:\/\/www.topcontrol.it\/fr\/wp-json\/wp\/v2\/product_cat?post=14106"},{"taxonomy":"product_tag","embeddable":true,"href":"https:\/\/www.topcontrol.it\/fr\/wp-json\/wp\/v2\/product_tag?post=14106"}],"curies":[{"name":"wp","href":"https:\/\/api.w.org\/{rel}","templated":true}]}}