{"id":9093,"date":"2021-08-09T10:42:31","date_gmt":"2021-08-09T08:42:31","guid":{"rendered":"https:\/\/topcontroldev.bflow-hosting.com\/politique-en-matiere-de-cookies\/"},"modified":"2023-02-24T06:35:33","modified_gmt":"2023-02-24T05:35:33","slug":"politique-en-matiere-de-cookies","status":"publish","type":"page","link":"https:\/\/www.topcontrol.it\/fr\/politique-en-matiere-de-cookies\/","title":{"rendered":"Politique en mati\u00e8re de cookies"},"content":{"rendered":"\t\t<div data-elementor-type=\"wp-page\" data-elementor-id=\"9093\" class=\"elementor elementor-9093 elementor-1051\" data-elementor-post-type=\"page\">\n\t\t\t\t\t\t<section class=\"elementor-section elementor-top-section elementor-element elementor-element-6b3a431 elementor-section-full_width elementor-section-height-default elementor-section-height-default\" data-id=\"6b3a431\" data-element_type=\"section\" data-e-type=\"section\" data-settings=\"{&quot;background_background&quot;:&quot;classic&quot;}\">\n\t\t\t\t\t\t<div class=\"elementor-container elementor-column-gap-default\">\n\t\t\t\t\t<div class=\"elementor-column elementor-col-100 elementor-top-column elementor-element elementor-element-8efe612\" data-id=\"8efe612\" data-element_type=\"column\" data-e-type=\"column\">\n\t\t\t<div class=\"elementor-widget-wrap elementor-element-populated\">\n\t\t\t\t\t\t<section class=\"elementor-section elementor-inner-section elementor-element elementor-element-0f6067d elementor-section-boxed elementor-section-height-default elementor-section-height-default elementor-invisible\" data-id=\"0f6067d\" data-element_type=\"section\" data-e-type=\"section\" data-settings=\"{&quot;animation&quot;:&quot;fadeIn&quot;}\">\n\t\t\t\t\t\t<div class=\"elementor-container elementor-column-gap-default\">\n\t\t\t\t\t<div class=\"elementor-column elementor-col-100 elementor-inner-column elementor-element elementor-element-dbddacb\" data-id=\"dbddacb\" data-element_type=\"column\" data-e-type=\"column\">\n\t\t\t<div class=\"elementor-widget-wrap elementor-element-populated\">\n\t\t\t\t\t\t<div class=\"elementor-element elementor-element-74f70b4 elementor-widget elementor-widget-heading\" data-id=\"74f70b4\" data-element_type=\"widget\" data-e-type=\"widget\" data-widget_type=\"heading.default\">\n\t\t\t\t<div class=\"elementor-widget-container\">\n\t\t\t\t\t<h2 class=\"elementor-heading-title elementor-size-default\">Politique en mati\u00e8re de cookies<\/h2>\t\t\t\t<\/div>\n\t\t\t\t<\/div>\n\t\t\t\t<div class=\"elementor-element elementor-element-ece45fe elementor-widget elementor-widget-shortcode\" data-id=\"ece45fe\" data-element_type=\"widget\" data-e-type=\"widget\" data-widget_type=\"shortcode.default\">\n\t\t\t\t<div class=\"elementor-widget-container\">\n\t\t\t\t\t\t\t<div class=\"elementor-shortcode\">[borlabs-cookie type=\"btn-cookie-preference\" title=\"Modifier les param\u00e8tres des cookies\" \/]<\/div>\n\t\t\t\t\t\t<\/div>\n\t\t\t\t<\/div>\n\t\t\t\t<div class=\"elementor-element elementor-element-acf6a7b elementor-widget elementor-widget-text-editor\" data-id=\"acf6a7b\" data-element_type=\"widget\" data-e-type=\"widget\" data-widget_type=\"text-editor.default\">\n\t\t\t\t<div class=\"elementor-widget-container\">\n\t\t\t\t\t\t\t\t\t<p>TopControl Srl dont le si\u00e8ge est situ\u00e9 Via Enzenberg 24\/A, 39018 Terlano, Italie, titulaire en charge du traitement des donn\u00e9es, informe les utilisateurs de ce site Web et des sous-domaines concern\u00e9s sur le type de cookies utilis\u00e9s ainsi que sur les informations collect\u00e9es et leur finalit\u00e9. Il donne par ailleurs des indications permettant de supprimer les diff\u00e9rents cookies.<\/p>\n<p><strong>COOKIES UTILIS\u00c9S<\/strong><br \/>Le titulaire se sert uniquement de cookies techniques pour permettre \u00e0 l\u2019utilisateur de naviguer correctement sur le site Web et s\u00e9curiser cette navigation. Les cookies susceptibles de porter atteinte \u00e0 la confidentialit\u00e9 de l\u2019utilisateur lors de la navigation ne sont pas install\u00e9s ; aucune donn\u00e9e caract\u00e9ristique de l\u2019utilisateur n\u2019est par ailleurs collect\u00e9e.<\/p>\n<p>Vous trouverez, ci-apr\u00e8s, une liste des cookies install\u00e9s :<\/p>\n<p><strong>COOKIES TECHNIQUES<\/strong><br \/>NOM DU COOKIES : has_js<br \/>FINALIT\u00c9 : Drupal utilise ce cookie pour indiquer si le navigateur du visiteur a activ\u00e9 JavaScript ou non.<br \/>DUR\u00c9E : jusqu\u2019\u00e0 la fin de la session de navigation<br \/>ORIGINE : Drupal CMS<br \/>ACC\u00c8S AUX INFORMATIONS : Drupal CMS<br \/>INFORMATIONS : <a href=\"https:\/\/cookiepedia.co.uk\/cookies\/has_js\" target=\"_blank\" rel=\"noopener\">https:\/\/cookiepedia.co.uk\/cookies\/has_js .<\/a><\/p>\n<p>Des cookies tiers sont \u00e9galement activ\u00e9s sur ce site Web ; ils ont \u00e9t\u00e9 cr\u00e9\u00e9s et mis en place par un site Web autre que celui actuellement consult\u00e9 par l\u2019utilisateur.<\/p>\n<p><strong>ANALYTICS COOKIES<\/strong><br \/>NOM DU COOKIE : _ga<br \/>FINALIT\u00c9 : ils collectent des informations compil\u00e9es\/synth\u00e9tis\u00e9es qui sont destin\u00e9es \u00e0 diff\u00e9rencier un utilisateur d\u2019un autre, sans toutefois l\u2019identifier ; ils permettent \u00e9galement d\u2019\u00e9tablir le nombre total de visiteurs sur le site Web.<br \/>\u00c9CH\u00c9ANCE : les d\u00e9lais\/\u00e9ch\u00e9ances sont fix\u00e9s par les tiers. Voir le lien ci-dessous.<br \/>ORIGINE : fournisseur tiers<br \/>ACC\u00c8S AUX INFORMATIONS : Google<br \/>INFORMATIONS : <a href=\"https:\/\/developers.google.com\/analytics\/devguides\/collection\/analyticsjs\" target=\"_blank\" rel=\"noopener\">https:\/\/developers.google.com\/analytics\/devguides\/collection\/analyticsjs&#8230; https:\/\/policies.google.com\/privacy?hl=fr<\/a><br \/><a href=\"https:\/\/policies.google.com\/privacy?hl=de\" target=\"_blank\" rel=\"noopener\">https:\/\/policies.google.com\/privacy?hl=de<\/a><\/p>\n<p>NOM DU COOKIE : _gat<br \/>FINALIT\u00c9 : ils collectent des informations pr\u00e9alablement group\u00e9es ayant trait \u00e0 la navigation de l\u2019utilisateur, en termes de comportement, afin de limiter le nombre de demandes et d\u2019acc\u00e9l\u00e9rer la consultation des pages.<br \/>\u00c9CH\u00c9ANCE : les d\u00e9lais\/\u00e9ch\u00e9ances sont fix\u00e9s par les tiers. Voir le lien ci-dessous.<br \/>ORIGINE : fournisseur tiers<br \/>ACC\u00c8S AUX INFORMATIONS : Google<br \/>INFORMATIONS : <a href=\"https:\/\/developers.google.com\/analytics\/devguides\/collection\/analyticsjs\" target=\"_blank\" rel=\"noopener\">https:\/\/developers.google.com\/analytics\/devguides\/collection\/analyticsjs&#8230; https:\/\/policies.google.com\/privacy?hl=fr<\/a><br \/><a href=\"https:\/\/policies.google.com\/privacy?hl=de\" target=\"_blank\" rel=\"noopener\">https:\/\/policies.google.com\/privacy?hl=de<\/a><\/p>\n<p>NOM DU COOKIE : _gid<br \/>FINALIT\u00c9 : ils collectent des informations pr\u00e9alablement group\u00e9es pour identifier les visites sur le site Web. <br \/>D\u00c9LAI D\u2019EXPIRATION : les d\u00e9lais\/\u00e9ch\u00e9ances sont fix\u00e9s par les tiers. Voir le lien ci-dessous.<br \/>ORIGINE : fournisseur tiers<br \/>ACC\u00c8S AUX INFORMATIONS : Google Analytics<br \/>INFORMATIONS : <a href=\"https:\/\/developers.google.com\/analytics\/devguides\/collection\/analyticsjs\" target=\"_blank\" rel=\"noopener\">https:\/\/developers.google.com\/analytics\/devguides\/collection\/analyticsjs&#8230; https:\/\/policies.google.com\/privacy?hl=fr<\/a><br \/><a href=\"https:\/\/policies.google.com\/privacy?hl=de\" target=\"_blank\" rel=\"noopener\">https:\/\/policies.google.com\/privacy?hl=de<\/a><\/p>\n<p>Les cookies utilis\u00e9s, issus de fournisseurs tiers (dits \u00ab third-party cookies \u00bb), sont anonymes. Le propri\u00e9taire de ce site Web a fait en sorte que les adresses IP soient rendues anonymes afin que Google ne puisse en aucun cas associer l\u2019adresse IP de l\u2019utilisateur \u00e0 d\u2019autres donn\u00e9es. Les donn\u00e9es collect\u00e9es sont utilis\u00e9es uniquement pour suivre et contr\u00f4ler l\u2019utilisation du site Web par les internautes et pour \u00e9tablir des statistiques bas\u00e9es sur des informations collect\u00e9es de fa\u00e7on anonyme avec des donn\u00e9es group\u00e9es.<br \/>Cliquez sur le lien ci-apr\u00e8s pour consulter la note d\u2019information de Google concernant le service Google Analytics et pour donner votre consentement \u00e0 l\u2019utilisation des cookies susmentionn\u00e9s: <a href=\"https:\/\/policies.google.com\/privacy?hl=de\" target=\"_blank\" rel=\"noopener\">https:\/\/policies.google.com\/privacy?hl=fr<\/a><\/p>\n<p><strong>GESTION DES COOKIES<\/strong><br \/>Pour de plus amples informations concernant la personnalisation des param\u00e8tres li\u00e9s \u00e0 l\u2019utilisation des cookies sur votre propre navigateur, veuillez consulter les liens suivants :<\/p>\n<p>Internet Explorer : <a href=\"https:\/\/support.microsoft.com\/de-de\/help\/278835\/\" target=\"_blank\" rel=\"noopener\">https:\/\/support.microsoft.com\/fr-fr\/help\/278835\/<\/a><br \/>Chrome : <a href=\"https:\/\/support.google.com\/chrome\/answer\/95647?hl=de-DE\" target=\"_blank\" rel=\"noopener\">https:\/\/support.google.com\/chrome\/answer\/95647?hl=fr-FR<\/a><br \/>Safari : <a href=\"https:\/\/support.apple.com\/de-de\/HT201265\" target=\"_blank\" rel=\"noopener\">https:\/\/support.apple.com\/fr-fr\/HT201265<\/a><br \/>Safari (mobile) : <a href=\"https:\/\/support.apple.com\/de-de\/HT201265\" target=\"_blank\" rel=\"noopener\">https:\/\/support.apple.com\/fr-fr\/HT201265<\/a><br \/>Firefox : <a href=\"http:\/\/mzl.la\/1BAQFQq\" target=\"_blank\" rel=\"noopener\">http:\/\/mzl.la\/1BAQFQq<\/a><br \/>Android : <a href=\"https:\/\/support.google.com\/accounts\/answer\/61416?hl=de\" target=\"_blank\" rel=\"noopener\">https:\/\/support.google.com\/accounts\/answer\/61416?hl=fr<\/a><br \/>Opera : <a href=\"https:\/\/help.opera.com\/de\/latest\/security-and-privacy\/\" target=\"_blank\" rel=\"noopener\">https:\/\/help.opera.com\/en\/latest\/security-and-privacy\/<\/a><\/p>\n<p><strong>CONSENTEMENT<\/strong><br \/>Conform\u00e9ment \u00e0 la r\u00e9glementation en vigueur, aucun accord de l\u2019internaute n\u2019est requis pour l\u2019utilisation de cookies techniques car il s\u2019agit de cookies indispensables au bon fonctionnement du site Internet et n\u00e9cessaires pour fournir les services qu\u2019il demande.<\/p>\n<p>Parmi les cookies techniques ne requ\u00e9rant aucun accord expr\u00e8s pour leur utilisation, l\u2019autorit\u00e9 en charge de la protection des donn\u00e9es \u00e0 caract\u00e8re personnel (cf. mesure du 08.05.2014) rel\u00e8ve \u00e9galement les cookies de navigation et de sessions (n\u00e9cessaires pour s\u2019authentifier ou pour effectuer un achat) ainsi que les cookies analytiques, directement mis en \u0153uvre par l\u2019exploitant du site pour collecter des information pr\u00e9alablement group\u00e9es ayant trait au nombre d\u2019utilisateurs de ce m\u00eame site et \u00e0 leur comportement.<\/p>\n<p>Les cookies de profilage n\u00e9cessitent l\u2019accord pr\u00e9alable de l\u2019utilisateur. Ce site Web n\u2019utilise pas de cookies de profilage.<\/p>\n\t\t\t\t\t\t\t\t<\/div>\n\t\t\t\t<\/div>\n\t\t\t\t\t<\/div>\n\t\t<\/div>\n\t\t\t\t\t<\/div>\n\t\t<\/section>\n\t\t\t\t\t<\/div>\n\t\t<\/div>\n\t\t\t\t\t<\/div>\n\t\t<\/section>\n\t\t\t\t<section class=\"elementor-section elementor-top-section elementor-element elementor-element-0d636e5 elementor-section-full_width elementor-section-height-default elementor-section-height-default elementor-invisible\" data-id=\"0d636e5\" data-element_type=\"section\" data-e-type=\"section\" data-settings=\"{&quot;background_background&quot;:&quot;classic&quot;,&quot;animation&quot;:&quot;fadeIn&quot;}\">\n\t\t\t\t\t\t<div class=\"elementor-container elementor-column-gap-default\">\n\t\t\t\t\t<div class=\"elementor-column elementor-col-100 elementor-top-column elementor-element elementor-element-eef6b38\" data-id=\"eef6b38\" data-element_type=\"column\" data-e-type=\"column\">\n\t\t\t<div class=\"elementor-widget-wrap elementor-element-populated\">\n\t\t\t\t\t\t<section class=\"elementor-section elementor-inner-section elementor-element elementor-element-a9a3483 elementor-section-full_width elementor-section-height-default elementor-section-height-default elementor-invisible\" data-id=\"a9a3483\" data-element_type=\"section\" data-e-type=\"section\" data-settings=\"{&quot;animation&quot;:&quot;fadeIn&quot;}\">\n\t\t\t\t\t\t<div class=\"elementor-container elementor-column-gap-default\">\n\t\t\t\t\t<div class=\"elementor-column elementor-col-25 elementor-inner-column elementor-element elementor-element-3d4780f\" data-id=\"3d4780f\" data-element_type=\"column\" data-e-type=\"column\">\n\t\t\t<div class=\"elementor-widget-wrap elementor-element-populated\">\n\t\t\t\t\t\t<div class=\"elementor-element elementor-element-1743cb0 elementor-view-default elementor-widget elementor-widget-icon\" data-id=\"1743cb0\" data-element_type=\"widget\" data-e-type=\"widget\" data-widget_type=\"icon.default\">\n\t\t\t\t<div class=\"elementor-widget-container\">\n\t\t\t\t\t\t\t<div class=\"elementor-icon-wrapper\">\n\t\t\t<div class=\"elementor-icon\">\n\t\t\t<svg xmlns=\"http:\/\/www.w3.org\/2000\/svg\" viewBox=\"0 0 90.28 36.27\"><g id=\"Ebene_2\" data-name=\"Ebene 2\"><g id=\"Ebene_1-2\" data-name=\"Ebene 1\"><path d=\"M61.1,0H0A13.8278,13.8278,0,0,0,1.59,5.02c1.77,3.23,4.77,5.35,8.18,5.35h61.1C70.16,4.51,66.05,0,61.1,0Z\" style=\"fill:#fff\"><\/path><path d=\"M80.51,13.11H19.41A13.8278,13.8278,0,0,0,21,18.13c1.77,3.23,4.77,5.35,8.18,5.35h61.1C89.57,17.61,85.47,13.11,80.51,13.11Z\" style=\"fill:#fff\"><\/path><path d=\"M71.6,25.9H10.5a13.8278,13.8278,0,0,0,1.59,5.02c1.77,3.23,4.77,5.35,8.18,5.35h61.1C80.66,30.4,76.56,25.9,71.6,25.9Z\" style=\"fill:#fff\"><\/path><\/g><\/g><\/svg>\t\t\t<\/div>\n\t\t<\/div>\n\t\t\t\t\t\t<\/div>\n\t\t\t\t<\/div>\n\t\t\t\t\t<\/div>\n\t\t<\/div>\n\t\t\t\t<div class=\"elementor-column elementor-col-25 elementor-inner-column elementor-element elementor-element-cb934bc\" data-id=\"cb934bc\" data-element_type=\"column\" data-e-type=\"column\">\n\t\t\t<div class=\"elementor-widget-wrap elementor-element-populated\">\n\t\t\t\t\t\t<div class=\"elementor-element elementor-element-b6ed7cd elementor-widget elementor-widget-heading\" data-id=\"b6ed7cd\" data-element_type=\"widget\" data-e-type=\"widget\" data-widget_type=\"heading.default\">\n\t\t\t\t<div class=\"elementor-widget-container\">\n\t\t\t\t\t<h3 class=\"elementor-heading-title elementor-size-default\">You need further information?<\/h3>\t\t\t\t<\/div>\n\t\t\t\t<\/div>\n\t\t\t\t<div class=\"elementor-element elementor-element-7107401 elementor-widget elementor-widget-text-editor\" data-id=\"7107401\" data-element_type=\"widget\" data-e-type=\"widget\" data-widget_type=\"text-editor.default\">\n\t\t\t\t<div class=\"elementor-widget-container\">\n\t\t\t\t\t\t\t\t\t<p>Feel free to contact us!<\/p>\n\t\t\t\t\t\t\t\t<\/div>\n\t\t\t\t<\/div>\n\t\t\t\t\t<\/div>\n\t\t<\/div>\n\t\t\t\t<div class=\"elementor-column elementor-col-25 elementor-inner-column elementor-element elementor-element-03a0258\" data-id=\"03a0258\" data-element_type=\"column\" data-e-type=\"column\">\n\t\t\t<div class=\"elementor-widget-wrap elementor-element-populated\">\n\t\t\t\t\t\t<div class=\"elementor-element elementor-element-b78a5b8 elementor-widget__width-inherit elementor-align-justify elementor-widget elementor-widget-button\" data-id=\"b78a5b8\" data-element_type=\"widget\" data-e-type=\"widget\" data-widget_type=\"button.default\">\n\t\t\t\t<div class=\"elementor-widget-container\">\n\t\t\t\t\t\t\t\t\t<div class=\"elementor-button-wrapper\">\n\t\t\t\t\t<a class=\"elementor-button elementor-button-link elementor-size-sm\" href=\"#\">\n\t\t\t\t\t\t<span class=\"elementor-button-content-wrapper\">\n\t\t\t\t\t\t\t\t\t<span class=\"elementor-button-text\">Callback-Service<\/span>\n\t\t\t\t\t<\/span>\n\t\t\t\t\t<\/a>\n\t\t\t\t<\/div>\n\t\t\t\t\t\t\t\t<\/div>\n\t\t\t\t<\/div>\n\t\t\t\t\t<\/div>\n\t\t<\/div>\n\t\t\t\t<div class=\"elementor-column elementor-col-25 elementor-inner-column elementor-element elementor-element-a45a1c2\" data-id=\"a45a1c2\" data-element_type=\"column\" data-e-type=\"column\">\n\t\t\t<div class=\"elementor-widget-wrap elementor-element-populated\">\n\t\t\t\t\t\t<div class=\"elementor-element elementor-element-3cb0285 elementor-widget__width-inherit elementor-align-justify elementor-widget elementor-widget-button\" data-id=\"3cb0285\" data-element_type=\"widget\" data-e-type=\"widget\" data-widget_type=\"button.default\">\n\t\t\t\t<div class=\"elementor-widget-container\">\n\t\t\t\t\t\t\t\t\t<div class=\"elementor-button-wrapper\">\n\t\t\t\t\t<a class=\"elementor-button elementor-button-link elementor-size-sm\" href=\"#\">\n\t\t\t\t\t\t<span class=\"elementor-button-content-wrapper\">\n\t\t\t\t\t\t\t\t\t<span class=\"elementor-button-text\">E-Mail<\/span>\n\t\t\t\t\t<\/span>\n\t\t\t\t\t<\/a>\n\t\t\t\t<\/div>\n\t\t\t\t\t\t\t\t<\/div>\n\t\t\t\t<\/div>\n\t\t\t\t\t<\/div>\n\t\t<\/div>\n\t\t\t\t\t<\/div>\n\t\t<\/section>\n\t\t\t\t\t<\/div>\n\t\t<\/div>\n\t\t\t\t\t<\/div>\n\t\t<\/section>\n\t\t\t\t<\/div>\n\t\t","protected":false},"excerpt":{"rendered":"<p>Politique en mati\u00e8re de cookies [borlabs-cookie type=\u00a0\u00bbbtn-cookie-preference\u00a0\u00bb title=\u00a0\u00bbModifier les param\u00e8tres des cookies\u00a0\u00bb \/] TopControl Srl dont le si\u00e8ge est situ\u00e9 Via Enzenberg 24\/A, 39018 Terlano, Italie, titulaire en charge du traitement des donn\u00e9es, informe les utilisateurs de ce site Web et des sous-domaines concern\u00e9s sur le type de cookies utilis\u00e9s ainsi que sur les informations [&hellip;]<\/p>\n","protected":false},"author":1,"featured_media":0,"parent":0,"menu_order":0,"comment_status":"closed","ping_status":"closed","template":"","meta":{"_acf_changed":false,"site-sidebar-layout":"no-sidebar","site-content-layout":"page-builder","ast-site-content-layout":"default","site-content-style":"default","site-sidebar-style":"default","ast-global-header-display":"","ast-banner-title-visibility":"","ast-main-header-display":"","ast-hfb-above-header-display":"","ast-hfb-below-header-display":"","ast-hfb-mobile-header-display":"","site-post-title":"disabled","ast-breadcrumbs-content":"","ast-featured-img":"disabled","footer-sml-layout":"","ast-disable-related-posts":"","theme-transparent-header-meta":"default","adv-header-id-meta":"","stick-header-meta":"","header-above-stick-meta":"","header-main-stick-meta":"","header-below-stick-meta":"","astra-migrate-meta-layouts":"default","ast-page-background-enabled":"default","ast-page-background-meta":{"desktop":{"background-color":"var(--ast-global-color-4)","background-image":"","background-repeat":"repeat","background-position":"center center","background-size":"auto","background-attachment":"scroll","background-type":"","background-media":"","overlay-type":"","overlay-color":"","overlay-opacity":"","overlay-gradient":""},"tablet":{"background-color":"","background-image":"","background-repeat":"repeat","background-position":"center center","background-size":"auto","background-attachment":"scroll","background-type":"","background-media":"","overlay-type":"","overlay-color":"","overlay-opacity":"","overlay-gradient":""},"mobile":{"background-color":"","background-image":"","background-repeat":"repeat","background-position":"center center","background-size":"auto","background-attachment":"scroll","background-type":"","background-media":"","overlay-type":"","overlay-color":"","overlay-opacity":"","overlay-gradient":""}},"ast-content-background-meta":{"desktop":{"background-color":"var(--ast-global-color-5)","background-image":"","background-repeat":"repeat","background-position":"center center","background-size":"auto","background-attachment":"scroll","background-type":"","background-media":"","overlay-type":"","overlay-color":"","overlay-opacity":"","overlay-gradient":""},"tablet":{"background-color":"var(--ast-global-color-5)","background-image":"","background-repeat":"repeat","background-position":"center center","background-size":"auto","background-attachment":"scroll","background-type":"","background-media":"","overlay-type":"","overlay-color":"","overlay-opacity":"","overlay-gradient":""},"mobile":{"background-color":"var(--ast-global-color-5)","background-image":"","background-repeat":"repeat","background-position":"center center","background-size":"auto","background-attachment":"scroll","background-type":"","background-media":"","overlay-type":"","overlay-color":"","overlay-opacity":"","overlay-gradient":""}},"footnotes":""},"class_list":["post-9093","page","type-page","status-publish","hentry"],"acf":[],"_links":{"self":[{"href":"https:\/\/www.topcontrol.it\/fr\/wp-json\/wp\/v2\/pages\/9093","targetHints":{"allow":["GET"]}}],"collection":[{"href":"https:\/\/www.topcontrol.it\/fr\/wp-json\/wp\/v2\/pages"}],"about":[{"href":"https:\/\/www.topcontrol.it\/fr\/wp-json\/wp\/v2\/types\/page"}],"author":[{"embeddable":true,"href":"https:\/\/www.topcontrol.it\/fr\/wp-json\/wp\/v2\/users\/1"}],"replies":[{"embeddable":true,"href":"https:\/\/www.topcontrol.it\/fr\/wp-json\/wp\/v2\/comments?post=9093"}],"version-history":[{"count":2,"href":"https:\/\/www.topcontrol.it\/fr\/wp-json\/wp\/v2\/pages\/9093\/revisions"}],"predecessor-version":[{"id":12355,"href":"https:\/\/www.topcontrol.it\/fr\/wp-json\/wp\/v2\/pages\/9093\/revisions\/12355"}],"wp:attachment":[{"href":"https:\/\/www.topcontrol.it\/fr\/wp-json\/wp\/v2\/media?parent=9093"}],"curies":[{"name":"wp","href":"https:\/\/api.w.org\/{rel}","templated":true}]}}