{"id":14839,"date":"2025-09-08T15:58:17","date_gmt":"2025-09-08T13:58:17","guid":{"rendered":"https:\/\/www.topcontrol.it\/solution-de-pesage-intelligente-pour-les-tomates-en-grappes\/"},"modified":"2025-09-15T08:12:51","modified_gmt":"2025-09-15T06:12:51","slug":"solution-de-pesage-intelligente-pour-les-tomates-en-grappes","status":"publish","type":"page","link":"https:\/\/www.topcontrol.it\/fr\/solution-de-pesage-intelligente-pour-les-tomates-en-grappes\/","title":{"rendered":"Solution de pesage intelligente pour les tomates en grappes"},"content":{"rendered":"\t\t<div data-elementor-type=\"wp-page\" data-elementor-id=\"14839\" class=\"elementor elementor-14839 elementor-13841\" data-elementor-post-type=\"page\">\n\t\t\t\t\t\t<section class=\"elementor-section elementor-top-section elementor-element elementor-element-fcab6a5 elementor-section-full_width elementor-section-height-default elementor-section-height-default\" data-id=\"fcab6a5\" data-element_type=\"section\" data-e-type=\"section\">\n\t\t\t\t\t\t<div class=\"elementor-container elementor-column-gap-default\">\n\t\t\t\t\t<div class=\"elementor-column elementor-col-100 elementor-top-column elementor-element elementor-element-aa1d36f\" data-id=\"aa1d36f\" data-element_type=\"column\" data-e-type=\"column\">\n\t\t\t<div class=\"elementor-widget-wrap elementor-element-populated\">\n\t\t\t\t\t\t<div class=\"elementor-element elementor-element-bdd9cc8 elementor-widget elementor-widget-image\" data-id=\"bdd9cc8\" data-element_type=\"widget\" data-e-type=\"widget\" data-widget_type=\"image.default\">\n\t\t\t\t<div class=\"elementor-widget-container\">\n\t\t\t\t\t\t\t\t\t\t\t\t\t\t\t<img fetchpriority=\"high\" decoding=\"async\" width=\"2500\" height=\"1200\" src=\"https:\/\/www.topcontrol.it\/wp-content\/uploads\/2025\/04\/IWS2.jpg\" class=\"attachment-full size-full wp-image-13912\" alt=\"\" srcset=\"https:\/\/www.topcontrol.it\/wp-content\/uploads\/2025\/04\/IWS2.jpg 2500w, https:\/\/www.topcontrol.it\/wp-content\/uploads\/2025\/04\/IWS2-300x144.jpg 300w, https:\/\/www.topcontrol.it\/wp-content\/uploads\/2025\/04\/IWS2-1024x492.jpg 1024w, https:\/\/www.topcontrol.it\/wp-content\/uploads\/2025\/04\/IWS2-768x369.jpg 768w, https:\/\/www.topcontrol.it\/wp-content\/uploads\/2025\/04\/IWS2-1536x737.jpg 1536w, https:\/\/www.topcontrol.it\/wp-content\/uploads\/2025\/04\/IWS2-2048x983.jpg 2048w, https:\/\/www.topcontrol.it\/wp-content\/uploads\/2025\/04\/IWS2-900x432.jpg 900w\" sizes=\"(max-width: 2500px) 100vw, 2500px\" \/>\t\t\t\t\t\t\t\t\t\t\t\t\t\t\t<\/div>\n\t\t\t\t<\/div>\n\t\t\t\t\t<\/div>\n\t\t<\/div>\n\t\t\t\t\t<\/div>\n\t\t<\/section>\n\t\t\t\t<section class=\"elementor-section elementor-top-section elementor-element elementor-element-e2fe4d1 elementor-section-boxed elementor-section-height-default elementor-section-height-default\" data-id=\"e2fe4d1\" data-element_type=\"section\" data-e-type=\"section\">\n\t\t\t\t\t\t<div class=\"elementor-container elementor-column-gap-default\">\n\t\t\t\t\t<div class=\"elementor-column elementor-col-100 elementor-top-column elementor-element elementor-element-a996b50\" data-id=\"a996b50\" data-element_type=\"column\" data-e-type=\"column\">\n\t\t\t<div class=\"elementor-widget-wrap elementor-element-populated\">\n\t\t\t\t\t\t<div class=\"elementor-element elementor-element-4678540 elementor-widget elementor-widget-heading\" data-id=\"4678540\" data-element_type=\"widget\" data-e-type=\"widget\" data-widget_type=\"heading.default\">\n\t\t\t\t<div class=\"elementor-widget-container\">\n\t\t\t\t\t<h2 class=\"elementor-heading-title elementor-size-default\">La solution de pesage intelligente pour les tomates en grappes<\/h2>\t\t\t\t<\/div>\n\t\t\t\t<\/div>\n\t\t\t\t\t<\/div>\n\t\t<\/div>\n\t\t\t\t\t<\/div>\n\t\t<\/section>\n\t\t\t\t<section class=\"elementor-section elementor-top-section elementor-element elementor-element-011441e elementor-section-boxed elementor-section-height-default elementor-section-height-default\" data-id=\"011441e\" data-element_type=\"section\" data-e-type=\"section\">\n\t\t\t\t\t\t<div class=\"elementor-container elementor-column-gap-default\">\n\t\t\t\t\t<div class=\"elementor-column elementor-col-100 elementor-top-column elementor-element elementor-element-f89772c\" data-id=\"f89772c\" data-element_type=\"column\" data-e-type=\"column\">\n\t\t\t<div class=\"elementor-widget-wrap elementor-element-populated\">\n\t\t\t\t\t\t<div class=\"elementor-element elementor-element-e532810 elementor-widget elementor-widget-text-editor\" data-id=\"e532810\" data-element_type=\"widget\" data-e-type=\"widget\" data-widget_type=\"text-editor.default\">\n\t\t\t\t<div class=\"elementor-widget-container\">\n\t\t\t\t\t\t\t\t\t<p>Vous souhaitez <strong>r\u00e9duire<\/strong> les <strong>co\u00fbts de main-d&rsquo;\u0153uvre<\/strong>, <strong>augmenter l&rsquo;efficacit\u00e9<\/strong> et minimiser durablement le <strong>surremplissage <\/strong>des emballages ? La <strong><a href=\"https:\/\/www.topcontrol.it\/fr\/product\/balance-systeme-iws2000\/\">balance syst\u00e8me IWS 2000<\/a><\/strong> de TopControl est la solution ultime pour optimiser votre processus d&#8217;emballage. <\/p><h5>\ud83d\ude80 Pourquoi choisir la balance syst\u00e8me intelligente IWS 2000 ?<\/h5><p>\u2714 <strong>Pesage rapide et pr\u00e9cis<\/strong> &#8211; Acc\u00e9l\u00e9rez votre processus d&#8217;emballage avec pr\u00e9cision.<\/p><p>\u2714 <strong>Minimisation des co\u00fbts de main-d&rsquo;\u0153uvre<\/strong> &#8211; R\u00e9duisez le travail manuel et optimisez l&rsquo;efficacit\u00e9 de votre personnel.<\/p><p>\u2714 <strong>Giveaway minimal<\/strong>: garantissez un portionnement pr\u00e9cis et minimisez le surremplissage des produits.<\/p><p>\u2714 <strong>Suivi des performances en temps r\u00e9el<\/strong> &#8211; Surveillez et am\u00e9liorez la productivit\u00e9 de vos employ\u00e9s.<\/p>\t\t\t\t\t\t\t\t<\/div>\n\t\t\t\t<\/div>\n\t\t\t\t<div class=\"elementor-element elementor-element-874613a elementor-align-center elementor-widget elementor-widget-button\" data-id=\"874613a\" data-element_type=\"widget\" data-e-type=\"widget\" data-widget_type=\"button.default\">\n\t\t\t\t<div class=\"elementor-widget-container\">\n\t\t\t\t\t\t\t\t\t<div class=\"elementor-button-wrapper\">\n\t\t\t\t\t<a class=\"elementor-button elementor-button-link elementor-size-sm\" href=\"mailto:sales@topcontrol.it\">\n\t\t\t\t\t\t<span class=\"elementor-button-content-wrapper\">\n\t\t\t\t\t\t\t\t\t<span class=\"elementor-button-text\">Demandez d\u00e8s maintenant plus d'informations ou une offre.<\/span>\n\t\t\t\t\t<\/span>\n\t\t\t\t\t<\/a>\n\t\t\t\t<\/div>\n\t\t\t\t\t\t\t\t<\/div>\n\t\t\t\t<\/div>\n\t\t\t\t<section class=\"elementor-section elementor-inner-section elementor-element elementor-element-b9430c1 elementor-section-boxed elementor-section-height-default elementor-section-height-default\" data-id=\"b9430c1\" data-element_type=\"section\" data-e-type=\"section\">\n\t\t\t\t\t\t<div class=\"elementor-container elementor-column-gap-default\">\n\t\t\t\t\t<div class=\"elementor-column elementor-col-50 elementor-inner-column elementor-element elementor-element-12068fe\" data-id=\"12068fe\" data-element_type=\"column\" data-e-type=\"column\">\n\t\t\t<div class=\"elementor-widget-wrap elementor-element-populated\">\n\t\t\t\t\t\t<div class=\"elementor-element elementor-element-a957214 elementor-widget elementor-widget-image\" data-id=\"a957214\" data-element_type=\"widget\" data-e-type=\"widget\" data-widget_type=\"image.default\">\n\t\t\t\t<div class=\"elementor-widget-container\">\n\t\t\t\t\t\t\t\t\t\t\t\t\t\t\t<img decoding=\"async\" width=\"1024\" height=\"748\" src=\"https:\/\/www.topcontrol.it\/wp-content\/uploads\/2025\/03\/analytics-1024x748.jpg\" class=\"attachment-large size-large wp-image-13771\" alt=\"Analytics Foodprocess\" srcset=\"https:\/\/www.topcontrol.it\/wp-content\/uploads\/2025\/03\/analytics-1024x748.jpg 1024w, https:\/\/www.topcontrol.it\/wp-content\/uploads\/2025\/03\/analytics-300x219.jpg 300w, https:\/\/www.topcontrol.it\/wp-content\/uploads\/2025\/03\/analytics-768x561.jpg 768w, https:\/\/www.topcontrol.it\/wp-content\/uploads\/2025\/03\/analytics-900x658.jpg 900w, https:\/\/www.topcontrol.it\/wp-content\/uploads\/2025\/03\/analytics.jpg 1200w\" sizes=\"(max-width: 1024px) 100vw, 1024px\" \/>\t\t\t\t\t\t\t\t\t\t\t\t\t\t\t<\/div>\n\t\t\t\t<\/div>\n\t\t\t\t\t<\/div>\n\t\t<\/div>\n\t\t\t\t<div class=\"elementor-column elementor-col-50 elementor-inner-column elementor-element elementor-element-0cf7383\" data-id=\"0cf7383\" data-element_type=\"column\" data-e-type=\"column\">\n\t\t\t<div class=\"elementor-widget-wrap elementor-element-populated\">\n\t\t\t\t\t\t<div class=\"elementor-element elementor-element-889ca05 elementor-widget elementor-widget-text-editor\" data-id=\"889ca05\" data-element_type=\"widget\" data-e-type=\"widget\" data-widget_type=\"text-editor.default\">\n\t\t\t\t<div class=\"elementor-widget-container\">\n\t\t\t\t\t\t\t\t\t<h5>\ud83d\udcca Suivez et optimisez les performances de votre \u00e9quipe<\/h5><p>L&rsquo;<strong><a href=\"https:\/\/www.topcontrol.it\/fr\/product\/balance-systeme-iws2000\/\">IWS 2000<\/a><\/strong> n&rsquo;est pas seulement une balance &#8211; c&rsquo;est une <strong>solution intelligente, pilot\u00e9e par les donn\u00e9es<\/strong>! Le <a href=\"https:\/\/www.topcontrol.it\/fr\/product\/foodprocess-2\/\"><strong>logiciel int\u00e9gr\u00e9 foodProcess<\/strong><\/a> enregistre chaque op\u00e9ration de pesage, ce qui vous permet <strong>d&rsquo;analyser les performances des employ\u00e9s<\/strong> et de prendre des <strong>d\u00e9cisions bas\u00e9es sur les donn\u00e9es<\/strong> pour optimiser la productivit\u00e9.<\/p>\t\t\t\t\t\t\t\t<\/div>\n\t\t\t\t<\/div>\n\t\t\t\t\t<\/div>\n\t\t<\/div>\n\t\t\t\t\t<\/div>\n\t\t<\/section>\n\t\t\t\t\t<\/div>\n\t\t<\/div>\n\t\t\t\t\t<\/div>\n\t\t<\/section>\n\t\t\t\t<section class=\"elementor-section elementor-top-section elementor-element elementor-element-2404f02 elementor-section-boxed elementor-section-height-default elementor-section-height-default\" data-id=\"2404f02\" data-element_type=\"section\" data-e-type=\"section\">\n\t\t\t\t\t\t<div class=\"elementor-container elementor-column-gap-default\">\n\t\t\t\t\t<div class=\"elementor-column elementor-col-100 elementor-top-column elementor-element elementor-element-048a6a5\" data-id=\"048a6a5\" data-element_type=\"column\" data-e-type=\"column\">\n\t\t\t<div class=\"elementor-widget-wrap elementor-element-populated\">\n\t\t\t\t\t\t<div class=\"elementor-element elementor-element-1562ac5 elementor-widget elementor-widget-text-editor\" data-id=\"1562ac5\" data-element_type=\"widget\" data-e-type=\"widget\" data-widget_type=\"text-editor.default\">\n\t\t\t\t<div class=\"elementor-widget-container\">\n\t\t\t\t\t\t\t\t\t<h5>\ud83d\udd17 Une mise en r\u00e9seau sans faille avec <a href=\"https:\/\/www.topcontrol.it\/fr\/product\/foodprocess-2\/\">foodProcess<\/a><\/h5><p>L&rsquo;int\u00e9gration d&rsquo;IWS 2000 dans foodProcess permet aux entreprises de disposer d&rsquo;une solution de pesage et de surveillance enti\u00e8rement en r\u00e9seau. Cette combinaison offre : <\/p><p>\u2714 <strong>Synchronisation des donn\u00e9es en direct<\/strong> &#8211; Mises \u00e0 jour instantan\u00e9es sur l&rsquo;ensemble de votre cha\u00eene de production.<\/p><p>\u2714 <strong>Rapports automatis\u00e9s<\/strong> &#8211; Cr\u00e9ez facilement des rapports d\u00e9taill\u00e9s sur les performances et l&rsquo;efficacit\u00e9.<\/p><p>\u2714 <strong>Contr\u00f4le centralis\u00e9<\/strong> &#8211; G\u00e9rez plusieurs balances et zones de production via une seule interface.<\/p><p>\u2714 <strong>Tra\u00e7abilit\u00e9 am\u00e9lior\u00e9e<\/strong> &#8211; Assurez une conformit\u00e9 totale avec les r\u00e9glementations du secteur et am\u00e9liorez l&rsquo;assurance qualit\u00e9.<\/p><p>\u2714 <strong>Optimisation pilot\u00e9e par les donn\u00e9es<\/strong>: utilisez les connaissances pour affiner en permanence les processus et augmenter la rentabilit\u00e9.<\/p>\t\t\t\t\t\t\t\t<\/div>\n\t\t\t\t<\/div>\n\t\t\t\t<div class=\"elementor-element elementor-element-7e4e407 elementor-widget elementor-widget-image\" data-id=\"7e4e407\" data-element_type=\"widget\" data-e-type=\"widget\" data-widget_type=\"image.default\">\n\t\t\t\t<div class=\"elementor-widget-container\">\n\t\t\t\t\t\t\t\t\t\t\t\t\t\t\t<img decoding=\"async\" width=\"985\" height=\"1024\" src=\"https:\/\/www.topcontrol.it\/wp-content\/uploads\/2025\/02\/Vernetzung_IWS2000-985x1024.jpg\" class=\"attachment-large size-large wp-image-13719\" alt=\"Vernetzung IWS 2000\" srcset=\"https:\/\/www.topcontrol.it\/wp-content\/uploads\/2025\/02\/Vernetzung_IWS2000-985x1024.jpg 985w, https:\/\/www.topcontrol.it\/wp-content\/uploads\/2025\/02\/Vernetzung_IWS2000-289x300.jpg 289w, https:\/\/www.topcontrol.it\/wp-content\/uploads\/2025\/02\/Vernetzung_IWS2000-768x798.jpg 768w, https:\/\/www.topcontrol.it\/wp-content\/uploads\/2025\/02\/Vernetzung_IWS2000-1478x1536.jpg 1478w, https:\/\/www.topcontrol.it\/wp-content\/uploads\/2025\/02\/Vernetzung_IWS2000-900x935.jpg 900w, https:\/\/www.topcontrol.it\/wp-content\/uploads\/2025\/02\/Vernetzung_IWS2000.jpg 1777w\" sizes=\"(max-width: 985px) 100vw, 985px\" \/>\t\t\t\t\t\t\t\t\t\t\t\t\t\t\t<\/div>\n\t\t\t\t<\/div>\n\t\t\t\t<div class=\"elementor-element elementor-element-3ea9461 elementor-align-center elementor-widget elementor-widget-button\" data-id=\"3ea9461\" data-element_type=\"widget\" data-e-type=\"widget\" data-widget_type=\"button.default\">\n\t\t\t\t<div class=\"elementor-widget-container\">\n\t\t\t\t\t\t\t\t\t<div class=\"elementor-button-wrapper\">\n\t\t\t\t\t<a class=\"elementor-button elementor-button-link elementor-size-sm\" href=\"mailto:sales@topcontrol.it\">\n\t\t\t\t\t\t<span class=\"elementor-button-content-wrapper\">\n\t\t\t\t\t\t\t\t\t<span class=\"elementor-button-text\">Demandez d\u00e8s maintenant plus d'informations ou une offre.<\/span>\n\t\t\t\t\t<\/span>\n\t\t\t\t\t<\/a>\n\t\t\t\t<\/div>\n\t\t\t\t\t\t\t\t<\/div>\n\t\t\t\t<\/div>\n\t\t\t\t<div class=\"elementor-element elementor-element-850b936 elementor-widget elementor-widget-text-editor\" data-id=\"850b936\" data-element_type=\"widget\" data-e-type=\"widget\" data-widget_type=\"text-editor.default\">\n\t\t\t\t<div class=\"elementor-widget-container\">\n\t\t\t\t\t\t\t\t\t<p>\ud83d\udd25 Voir la solution intelligente en action!<\/p><p>Venez d\u00e9couvrir l&rsquo;IWS 2000 en direct dans notre showroom! Laissez nos experts vous montrer comment vous pouvez r\u00e9volutionner votre processus de conditionnement du raisin. <\/p><p>\ud83c\udfaf Ne le manquez pas &#8211; Optimisez votre production d\u00e8s aujourd&rsquo;hui!<\/p><p>\u2705 <a href=\"mailto:sales@topcontrol.it\">Obtenez une consultation gratuite d\u00e8s maintenant!<\/a><\/p><p>\ud83d\udca1 Avec IWS 2000, faites partie de l&rsquo;avenir du conditionnement du raisin!<\/p><p> <\/p><p> <\/p>\t\t\t\t\t\t\t\t<\/div>\n\t\t\t\t<\/div>\n\t\t\t\t<div class=\"elementor-element elementor-element-5ae587e elementor-widget elementor-widget-video\" data-id=\"5ae587e\" data-element_type=\"widget\" data-e-type=\"widget\" data-settings=\"{&quot;youtube_url&quot;:&quot;https:\\\/\\\/youtu.be\\\/U1D4Dfj2MGM&quot;,&quot;video_type&quot;:&quot;youtube&quot;,&quot;controls&quot;:&quot;yes&quot;}\" data-widget_type=\"video.default\">\n\t\t\t\t<div class=\"elementor-widget-container\">\n\t\t\t\t\t\t\t<div class=\"elementor-wrapper elementor-open-inline\">\n\t\t\t<div class=\"elementor-video\"><\/div>\t\t<\/div>\n\t\t\t\t\t\t<\/div>\n\t\t\t\t<\/div>\n\t\t\t\t\t<\/div>\n\t\t<\/div>\n\t\t\t\t\t<\/div>\n\t\t<\/section>\n\t\t\t\t<section class=\"elementor-section elementor-top-section elementor-element elementor-element-2ae17b4 elementor-section-boxed elementor-section-height-default elementor-section-height-default\" data-id=\"2ae17b4\" data-element_type=\"section\" data-e-type=\"section\">\n\t\t\t\t\t\t<div class=\"elementor-container elementor-column-gap-default\">\n\t\t\t\t\t<div class=\"elementor-column elementor-col-100 elementor-top-column elementor-element elementor-element-941bc73\" data-id=\"941bc73\" data-element_type=\"column\" data-e-type=\"column\">\n\t\t\t<div class=\"elementor-widget-wrap elementor-element-populated\">\n\t\t\t\t\t\t<div class=\"elementor-element elementor-element-34178f4 elementor-widget elementor-widget-video\" data-id=\"34178f4\" data-element_type=\"widget\" data-e-type=\"widget\" data-settings=\"{&quot;youtube_url&quot;:&quot;https:\\\/\\\/youtu.be\\\/CxAcbAruNNU?si=ra-hKbX5vkfl-DSP&quot;,&quot;video_type&quot;:&quot;youtube&quot;,&quot;controls&quot;:&quot;yes&quot;}\" data-widget_type=\"video.default\">\n\t\t\t\t<div class=\"elementor-widget-container\">\n\t\t\t\t\t\t\t<div class=\"elementor-wrapper elementor-open-inline\">\n\t\t\t<div class=\"elementor-video\"><\/div>\t\t<\/div>\n\t\t\t\t\t\t<\/div>\n\t\t\t\t<\/div>\n\t\t\t\t\t<\/div>\n\t\t<\/div>\n\t\t\t\t\t<\/div>\n\t\t<\/section>\n\t\t\t\t<\/div>\n\t\t","protected":false},"excerpt":{"rendered":"<p>La solution de pesage intelligente pour les tomates en grappes Vous souhaitez r\u00e9duire les co\u00fbts de main-d&rsquo;\u0153uvre, augmenter l&rsquo;efficacit\u00e9 et minimiser durablement le surremplissage des emballages ? La balance syst\u00e8me IWS 2000 de TopControl est la solution ultime pour optimiser votre processus d&#8217;emballage. \ud83d\ude80 Pourquoi choisir la balance syst\u00e8me intelligente IWS 2000 ? \u2714 Pesage [&hellip;]<\/p>\n","protected":false},"author":3,"featured_media":13912,"parent":0,"menu_order":0,"comment_status":"closed","ping_status":"closed","template":"","meta":{"_acf_changed":false,"site-sidebar-layout":"no-sidebar","site-content-layout":"page-builder","ast-site-content-layout":"full-width-container","site-content-style":"unboxed","site-sidebar-style":"unboxed","ast-global-header-display":"","ast-banner-title-visibility":"","ast-main-header-display":"","ast-hfb-above-header-display":"","ast-hfb-below-header-display":"","ast-hfb-mobile-header-display":"","site-post-title":"disabled","ast-breadcrumbs-content":"","ast-featured-img":"disabled","footer-sml-layout":"","ast-disable-related-posts":"","theme-transparent-header-meta":"","adv-header-id-meta":"","stick-header-meta":"","header-above-stick-meta":"","header-main-stick-meta":"","header-below-stick-meta":"","astra-migrate-meta-layouts":"default","ast-page-background-enabled":"default","ast-page-background-meta":{"desktop":{"background-color":"var(--ast-global-color-4)","background-image":"","background-repeat":"repeat","background-position":"center center","background-size":"auto","background-attachment":"scroll","background-type":"","background-media":"","overlay-type":"","overlay-color":"","overlay-opacity":"","overlay-gradient":""},"tablet":{"background-color":"","background-image":"","background-repeat":"repeat","background-position":"center center","background-size":"auto","background-attachment":"scroll","background-type":"","background-media":"","overlay-type":"","overlay-color":"","overlay-opacity":"","overlay-gradient":""},"mobile":{"background-color":"","background-image":"","background-repeat":"repeat","background-position":"center center","background-size":"auto","background-attachment":"scroll","background-type":"","background-media":"","overlay-type":"","overlay-color":"","overlay-opacity":"","overlay-gradient":""}},"ast-content-background-meta":{"desktop":{"background-color":"var(--ast-global-color-5)","background-image":"","background-repeat":"repeat","background-position":"center center","background-size":"auto","background-attachment":"scroll","background-type":"","background-media":"","overlay-type":"","overlay-color":"","overlay-opacity":"","overlay-gradient":""},"tablet":{"background-color":"var(--ast-global-color-5)","background-image":"","background-repeat":"repeat","background-position":"center center","background-size":"auto","background-attachment":"scroll","background-type":"","background-media":"","overlay-type":"","overlay-color":"","overlay-opacity":"","overlay-gradient":""},"mobile":{"background-color":"var(--ast-global-color-5)","background-image":"","background-repeat":"repeat","background-position":"center center","background-size":"auto","background-attachment":"scroll","background-type":"","background-media":"","overlay-type":"","overlay-color":"","overlay-opacity":"","overlay-gradient":""}},"footnotes":""},"class_list":["post-14839","page","type-page","status-publish","has-post-thumbnail","hentry"],"acf":[],"_links":{"self":[{"href":"https:\/\/www.topcontrol.it\/fr\/wp-json\/wp\/v2\/pages\/14839","targetHints":{"allow":["GET"]}}],"collection":[{"href":"https:\/\/www.topcontrol.it\/fr\/wp-json\/wp\/v2\/pages"}],"about":[{"href":"https:\/\/www.topcontrol.it\/fr\/wp-json\/wp\/v2\/types\/page"}],"author":[{"embeddable":true,"href":"https:\/\/www.topcontrol.it\/fr\/wp-json\/wp\/v2\/users\/3"}],"replies":[{"embeddable":true,"href":"https:\/\/www.topcontrol.it\/fr\/wp-json\/wp\/v2\/comments?post=14839"}],"version-history":[{"count":1,"href":"https:\/\/www.topcontrol.it\/fr\/wp-json\/wp\/v2\/pages\/14839\/revisions"}],"predecessor-version":[{"id":14840,"href":"https:\/\/www.topcontrol.it\/fr\/wp-json\/wp\/v2\/pages\/14839\/revisions\/14840"}],"wp:featuredmedia":[{"embeddable":true,"href":"https:\/\/www.topcontrol.it\/fr\/wp-json\/wp\/v2\/media\/13912"}],"wp:attachment":[{"href":"https:\/\/www.topcontrol.it\/fr\/wp-json\/wp\/v2\/media?parent=14839"}],"curies":[{"name":"wp","href":"https:\/\/api.w.org\/{rel}","templated":true}]}}