{"id":14105,"date":"2025-08-28T07:14:17","date_gmt":"2025-08-28T05:14:17","guid":{"rendered":"https:\/\/www.topcontrol.it\/product\/bascula-combinada-mhp-3100\/"},"modified":"2025-08-28T07:14:17","modified_gmt":"2025-08-28T05:14:17","slug":"bascula-combinada-mhp-3100","status":"publish","type":"product","link":"https:\/\/www.topcontrol.it\/es\/product\/bascula-combinada-mhp-3100\/","title":{"rendered":"B\u00e1scula combinada MHP 3100"},"content":{"rendered":"<p class=\"p1\"><i>Construcci\u00f3n robusta<\/i><\/p>\n<p class=\"p1\"><i>e higi\u00e9nica de<\/i><\/p>\n<p class=\"p1\"><i>acero inoxidable<\/i><\/p>\n<p class=\"p1\"><i>IP65<\/i><\/p>\n<p class=\"p1\"><i>Cinta de pesaje<\/i><\/p>\n<p class=\"p1\"><i>Velocidad m\u00e1xima<\/i><\/p>\n<p class=\"p1\"><i>de envasado<\/i><\/p>\n<p class=\"p1\"><i>Con la pesadora combinada semiautom\u00e1tica MHP 3000,<\/i><\/p>\n<p class=\"p1\"><i>los paquetes peque\u00f1os prellenados o vac\u00edos de uvas de mesa<\/i><\/p>\n<p class=\"p1\"><i>o tomates se completan con precisi\u00f3n con<\/i><\/p>\n<p class=\"p1\"><i>el peso que falta.<\/i><\/p>\n","protected":false},"excerpt":{"rendered":"<p>Construcci\u00f3n robusta e higi\u00e9nica de acero inoxidable IP65 Cinta de pesaje Velocidad m\u00e1xima de envasado Con la pesadora combinada semiautom\u00e1tica MHP 3000, los paquetes peque\u00f1os prellenados o vac\u00edos de uvas de mesa o tomates se completan con precisi\u00f3n con el peso que falta.<\/p>\n","protected":false},"featured_media":14053,"template":"","meta":{"_acf_changed":false,"site-sidebar-layout":"default","site-content-layout":"default","ast-site-content-layout":"default","site-content-style":"default","site-sidebar-style":"default","ast-global-header-display":"","ast-banner-title-visibility":"","ast-main-header-display":"","ast-hfb-above-header-display":"","ast-hfb-below-header-display":"","ast-hfb-mobile-header-display":"","site-post-title":"","ast-breadcrumbs-content":"","ast-featured-img":"","footer-sml-layout":"","ast-disable-related-posts":"","theme-transparent-header-meta":"default","adv-header-id-meta":"","stick-header-meta":"","header-above-stick-meta":"","header-main-stick-meta":"","header-below-stick-meta":"","astra-migrate-meta-layouts":"default","ast-page-background-enabled":"default","ast-page-background-meta":{"desktop":{"background-color":"var(--ast-global-color-4)","background-image":"","background-repeat":"repeat","background-position":"center center","background-size":"auto","background-attachment":"scroll","background-type":"","background-media":"","overlay-type":"","overlay-color":"","overlay-opacity":"","overlay-gradient":""},"tablet":{"background-color":"","background-image":"","background-repeat":"repeat","background-position":"center center","background-size":"auto","background-attachment":"scroll","background-type":"","background-media":"","overlay-type":"","overlay-color":"","overlay-opacity":"","overlay-gradient":""},"mobile":{"background-color":"","background-image":"","background-repeat":"repeat","background-position":"center center","background-size":"auto","background-attachment":"scroll","background-type":"","background-media":"","overlay-type":"","overlay-color":"","overlay-opacity":"","overlay-gradient":""}},"ast-content-background-meta":{"desktop":{"background-color":"var(--ast-global-color-5)","background-image":"","background-repeat":"repeat","background-position":"center center","background-size":"auto","background-attachment":"scroll","background-type":"","background-media":"","overlay-type":"","overlay-color":"","overlay-opacity":"","overlay-gradient":""},"tablet":{"background-color":"var(--ast-global-color-5)","background-image":"","background-repeat":"repeat","background-position":"center center","background-size":"auto","background-attachment":"scroll","background-type":"","background-media":"","overlay-type":"","overlay-color":"","overlay-opacity":"","overlay-gradient":""},"mobile":{"background-color":"var(--ast-global-color-5)","background-image":"","background-repeat":"repeat","background-position":"center center","background-size":"auto","background-attachment":"scroll","background-type":"","background-media":"","overlay-type":"","overlay-color":"","overlay-opacity":"","overlay-gradient":""}}},"product_brand":[],"product_cat":[384,385],"product_tag":[],"class_list":{"0":"post-14105","1":"product","2":"type-product","3":"status-publish","4":"has-post-thumbnail","6":"product_cat-controladores-de-peso-automaticos","7":"product_cat-soluciones-de-pesaje","8":"desktop-align-left","9":"tablet-align-left","10":"mobile-align-left","11":"ast-product-gallery-layout-horizontal-slider","12":"ast-product-gallery-with-no-image","13":"ast-product-tabs-layout-horizontal","15":"first","16":"instock","17":"shipping-taxable","18":"product-type-simple"},"acf":[],"_links":{"self":[{"href":"https:\/\/www.topcontrol.it\/es\/wp-json\/wp\/v2\/product\/14105","targetHints":{"allow":["GET"]}}],"collection":[{"href":"https:\/\/www.topcontrol.it\/es\/wp-json\/wp\/v2\/product"}],"about":[{"href":"https:\/\/www.topcontrol.it\/es\/wp-json\/wp\/v2\/types\/product"}],"wp:featuredmedia":[{"embeddable":true,"href":"https:\/\/www.topcontrol.it\/es\/wp-json\/wp\/v2\/media\/14053"}],"wp:attachment":[{"href":"https:\/\/www.topcontrol.it\/es\/wp-json\/wp\/v2\/media?parent=14105"}],"wp:term":[{"taxonomy":"product_brand","embeddable":true,"href":"https:\/\/www.topcontrol.it\/es\/wp-json\/wp\/v2\/product_brand?post=14105"},{"taxonomy":"product_cat","embeddable":true,"href":"https:\/\/www.topcontrol.it\/es\/wp-json\/wp\/v2\/product_cat?post=14105"},{"taxonomy":"product_tag","embeddable":true,"href":"https:\/\/www.topcontrol.it\/es\/wp-json\/wp\/v2\/product_tag?post=14105"}],"curies":[{"name":"wp","href":"https:\/\/api.w.org\/{rel}","templated":true}]}}