{"id":10889,"date":"2021-08-25T14:19:47","date_gmt":"2021-08-25T12:19:47","guid":{"rendered":"https:\/\/www.topcontrol.it\/product\/etiquetadora-de-alto-rendimiento-glm-b-s\/"},"modified":"2025-09-22T14:27:29","modified_gmt":"2025-09-22T12:27:29","slug":"etiquetadora-de-alto-rendimiento-glm-b-s","status":"publish","type":"product","link":"https:\/\/www.topcontrol.it\/es\/product\/etiquetadora-de-alto-rendimiento-glm-b-s\/","title":{"rendered":"Etiquetadora de alto rendimiento GLM-B-S"},"content":{"rendered":"","protected":false},"excerpt":{"rendered":"<p>La etiquetadora totalmente autom\u00e1tica GLM-B-S establece nuevos est\u00e1ndares en t\u00e9rminos de calidad, precisi\u00f3n y eficiencia.<\/p>\n","protected":false},"featured_media":14141,"template":"","meta":{"_acf_changed":false,"site-sidebar-layout":"default","site-content-layout":"default","ast-site-content-layout":"default","site-content-style":"default","site-sidebar-style":"default","ast-global-header-display":"","ast-banner-title-visibility":"","ast-main-header-display":"","ast-hfb-above-header-display":"","ast-hfb-below-header-display":"","ast-hfb-mobile-header-display":"","site-post-title":"","ast-breadcrumbs-content":"","ast-featured-img":"","footer-sml-layout":"","ast-disable-related-posts":"","theme-transparent-header-meta":"default","adv-header-id-meta":"","stick-header-meta":"","header-above-stick-meta":"","header-main-stick-meta":"","header-below-stick-meta":"","astra-migrate-meta-layouts":"default","ast-page-background-enabled":"default","ast-page-background-meta":{"desktop":{"background-color":"var(--ast-global-color-4)","background-image":"","background-repeat":"repeat","background-position":"center center","background-size":"auto","background-attachment":"scroll","background-type":"","background-media":"","overlay-type":"","overlay-color":"","overlay-opacity":"","overlay-gradient":""},"tablet":{"background-color":"","background-image":"","background-repeat":"repeat","background-position":"center center","background-size":"auto","background-attachment":"scroll","background-type":"","background-media":"","overlay-type":"","overlay-color":"","overlay-opacity":"","overlay-gradient":""},"mobile":{"background-color":"","background-image":"","background-repeat":"repeat","background-position":"center center","background-size":"auto","background-attachment":"scroll","background-type":"","background-media":"","overlay-type":"","overlay-color":"","overlay-opacity":"","overlay-gradient":""}},"ast-content-background-meta":{"desktop":{"background-color":"var(--ast-global-color-5)","background-image":"","background-repeat":"repeat","background-position":"center center","background-size":"auto","background-attachment":"scroll","background-type":"","background-media":"","overlay-type":"","overlay-color":"","overlay-opacity":"","overlay-gradient":""},"tablet":{"background-color":"var(--ast-global-color-5)","background-image":"","background-repeat":"repeat","background-position":"center center","background-size":"auto","background-attachment":"scroll","background-type":"","background-media":"","overlay-type":"","overlay-color":"","overlay-opacity":"","overlay-gradient":""},"mobile":{"background-color":"var(--ast-global-color-5)","background-image":"","background-repeat":"repeat","background-position":"center center","background-size":"auto","background-attachment":"scroll","background-type":"","background-media":"","overlay-type":"","overlay-color":"","overlay-opacity":"","overlay-gradient":""}}},"product_brand":[],"product_cat":[387,365],"product_tag":[],"class_list":{"0":"post-10889","1":"product","2":"type-product","3":"status-publish","4":"has-post-thumbnail","6":"product_cat-etiquetadora-automatica-para-envases-pequenos","7":"product_cat-labelling-solutions","8":"desktop-align-left","9":"tablet-align-left","10":"mobile-align-left","11":"ast-product-gallery-layout-horizontal-slider","12":"ast-product-gallery-with-no-image","13":"ast-product-tabs-layout-horizontal","15":"first","16":"instock","17":"shipping-taxable","18":"product-type-simple"},"acf":[],"_links":{"self":[{"href":"https:\/\/www.topcontrol.it\/es\/wp-json\/wp\/v2\/product\/10889","targetHints":{"allow":["GET"]}}],"collection":[{"href":"https:\/\/www.topcontrol.it\/es\/wp-json\/wp\/v2\/product"}],"about":[{"href":"https:\/\/www.topcontrol.it\/es\/wp-json\/wp\/v2\/types\/product"}],"wp:featuredmedia":[{"embeddable":true,"href":"https:\/\/www.topcontrol.it\/es\/wp-json\/wp\/v2\/media\/14141"}],"wp:attachment":[{"href":"https:\/\/www.topcontrol.it\/es\/wp-json\/wp\/v2\/media?parent=10889"}],"wp:term":[{"taxonomy":"product_brand","embeddable":true,"href":"https:\/\/www.topcontrol.it\/es\/wp-json\/wp\/v2\/product_brand?post=10889"},{"taxonomy":"product_cat","embeddable":true,"href":"https:\/\/www.topcontrol.it\/es\/wp-json\/wp\/v2\/product_cat?post=10889"},{"taxonomy":"product_tag","embeddable":true,"href":"https:\/\/www.topcontrol.it\/es\/wp-json\/wp\/v2\/product_tag?post=10889"}],"curies":[{"name":"wp","href":"https:\/\/api.w.org\/{rel}","templated":true}]}}