{"id":9095,"date":"2021-08-09T10:42:31","date_gmt":"2021-08-09T08:42:31","guid":{"rendered":"https:\/\/topcontroldev.bflow-hosting.com\/politica-de-cookies\/"},"modified":"2023-02-24T07:43:46","modified_gmt":"2023-02-24T06:43:46","slug":"politica-de-cookies","status":"publish","type":"page","link":"https:\/\/www.topcontrol.it\/es\/politica-de-cookies\/","title":{"rendered":"Pol\u00edtica de cookies"},"content":{"rendered":"\t\t<div data-elementor-type=\"wp-page\" data-elementor-id=\"9095\" class=\"elementor elementor-9095 elementor-1051\" data-elementor-post-type=\"page\">\n\t\t\t\t\t\t<section class=\"elementor-section elementor-top-section elementor-element elementor-element-6b3a431 elementor-section-full_width elementor-section-height-default elementor-section-height-default\" data-id=\"6b3a431\" data-element_type=\"section\" data-e-type=\"section\" data-settings=\"{&quot;background_background&quot;:&quot;classic&quot;}\">\n\t\t\t\t\t\t<div class=\"elementor-container elementor-column-gap-default\">\n\t\t\t\t\t<div class=\"elementor-column elementor-col-100 elementor-top-column elementor-element elementor-element-8efe612\" data-id=\"8efe612\" data-element_type=\"column\" data-e-type=\"column\">\n\t\t\t<div class=\"elementor-widget-wrap elementor-element-populated\">\n\t\t\t\t\t\t<section class=\"elementor-section elementor-inner-section elementor-element elementor-element-0f6067d elementor-section-boxed elementor-section-height-default elementor-section-height-default elementor-invisible\" data-id=\"0f6067d\" data-element_type=\"section\" data-e-type=\"section\" data-settings=\"{&quot;animation&quot;:&quot;fadeIn&quot;}\">\n\t\t\t\t\t\t<div class=\"elementor-container elementor-column-gap-default\">\n\t\t\t\t\t<div class=\"elementor-column elementor-col-100 elementor-inner-column elementor-element elementor-element-dbddacb\" data-id=\"dbddacb\" data-element_type=\"column\" data-e-type=\"column\">\n\t\t\t<div class=\"elementor-widget-wrap elementor-element-populated\">\n\t\t\t\t\t\t<div class=\"elementor-element elementor-element-74f70b4 elementor-widget elementor-widget-heading\" data-id=\"74f70b4\" data-element_type=\"widget\" data-e-type=\"widget\" data-widget_type=\"heading.default\">\n\t\t\t\t<div class=\"elementor-widget-container\">\n\t\t\t\t\t<h2 class=\"elementor-heading-title elementor-size-default\">Pol\u00edtica de cookies<\/h2>\t\t\t\t<\/div>\n\t\t\t\t<\/div>\n\t\t\t\t<div class=\"elementor-element elementor-element-ece45fe elementor-widget elementor-widget-shortcode\" data-id=\"ece45fe\" data-element_type=\"widget\" data-e-type=\"widget\" data-widget_type=\"shortcode.default\">\n\t\t\t\t<div class=\"elementor-widget-container\">\n\t\t\t\t\t\t\t<div class=\"elementor-shortcode\">[borlabs-cookie type=\"btn-cookie-preference\" title=\"Cambiar la configuraci\u00f3n de las cookies\" \/]<\/div>\n\t\t\t\t\t\t<\/div>\n\t\t\t\t<\/div>\n\t\t\t\t<div class=\"elementor-element elementor-element-acf6a7b elementor-widget elementor-widget-text-editor\" data-id=\"acf6a7b\" data-element_type=\"widget\" data-e-type=\"widget\" data-widget_type=\"text-editor.default\">\n\t\t\t\t<div class=\"elementor-widget-container\">\n\t\t\t\t\t\t\t\t\t<p>TopControl Srl con sede en Via Enzenberg 24\/A, 39018 Terlano, Italia, titular del tratamiento de los datos, informa al usuario de esta p\u00e1gina web y de sus correspondientes subdominios sobre el tipo de cookies utilizadas y las finalidades que se persiguen con la informaci\u00f3n recabada. Asimismo, advierte sobre la eliminaci\u00f3n de cookies concretas.<\/p>\n<p><strong>COOKIES UTILIZADAS<\/strong><br \/>El titular \u00fanicamente utiliza cookies t\u00e9cnicas para poder facilitar al usuario una navegaci\u00f3n correcta y segura por la p\u00e1gina web. No se instalan cookies que pudieran resultar perjudiciales para la confidencialidad del usuario, as\u00ed como tampoco se recaban datos de identificaci\u00f3n personal del usuario.<\/p>\n<p>A continuaci\u00f3n, la lista de las cookies instaladas:<\/p>\n<p><strong>COOKIES T\u00c9CNICAS<\/strong><br \/>NOMBRE DE LA COOKIE: has_js<br \/>FINALIDAD: Drupal utiliza esta cookie para mostrar si el navegador del visitante tiene activado JavaScript o no.<br \/>DURACI\u00d3N: hasta la finalizaci\u00f3n de la sesi\u00f3n del navegador<br \/>ORIGEN: Drupal CMS<br \/>ACCESO A LA INFORMACI\u00d3N: Drupal CMS<br \/>INFORMACI\u00d3N: <a href=\"https:\/\/cookiepedia.co.uk\/cookies\/has_js\" target=\"_blank\" rel=\"noopener\">https:\/\/cookiepedia.co.uk\/cookies\/has_js<\/a><\/p>\n<p>Este sitio web tambi\u00e9n contiene cookies activas de terceros instaladas por otra p\u00e1gina web distinta a la que el usuario est\u00e1 visitando.<\/p>\n<p><strong>ANALYTICS COOKIES<\/strong><br \/>NOMBRE DE LA COOKIE: _ga<br \/>FINALIDAD: recogen informaci\u00f3n resumida para distinguir a un usuario de otro, sin que ello implique su identificaci\u00f3n, para determinar el n\u00famero total de visitantes de la p\u00e1gina web.<br \/>VENCIMIENTO: los plazos est\u00e1n fijados por terceros. Vea el enlace que aparece m\u00e1s abajo.<br \/>ORIGEN: terceros<br \/>ACCESO A LA INFORMACI\u00d3N: Google<br \/>INFORMACI\u00d3N: <a href=\"https:\/\/developers.google.com\/analytics\/devguides\/collection\/analyticsjs\" target=\"_blank\" rel=\"noopener\">https:\/\/developers.google.com\/analytics\/devguides\/collection\/analyticsjs&#8230; https:\/\/policies.google.com\/privacy?hl=es<\/a><br \/><a href=\"https:\/\/policies.google.com\/privacy?hl=de\" target=\"_blank\" rel=\"noopener\">https:\/\/policies.google.com\/privacy?hl=de<\/a><\/p>\n<p>NOMBRE DE LA COOKIE: _gat<br \/>FINALIDAD: recoger informaci\u00f3n agregada sobre el comportamiento de navegaci\u00f3n de los usuarios, con el fin de limitar el n\u00famero de solicitudes y acelerar la visualizaci\u00f3n de las p\u00e1ginas.<br \/>VENCIMIENTO: los plazos est\u00e1n fijados por terceros. Vea el enlace que aparece m\u00e1s abajo.<br \/>ORIGEN: terceros<br \/>ACCESO A LA INFORMACI\u00d3N: Google<br \/>INFORMACI\u00d3N: <a href=\"https:\/\/developers.google.com\/analytics\/devguides\/collection\/analyticsjs\" target=\"_blank\" rel=\"noopener\">https:\/\/developers.google.com\/analytics\/devguides\/collection\/analyticsjs&#8230; https:\/\/policies.google.com\/privacy?hl=es<\/a><br \/><a href=\"https:\/\/policies.google.com\/privacy?hl=de\" target=\"_blank\" rel=\"noopener\">https:\/\/policies.google.com\/privacy?hl=de<\/a><\/p>\n<p>NOMBRE DE LA COOKIE: _gid<br \/>FINALIDAD: recogen informaci\u00f3n agregada para identificar las visitas a la p\u00e1gina web. <br \/>VENCIMIENTO: los plazos son fijados por terceros. Vea el enlace que aparece m\u00e1s abajo.<br \/>ORIGEN: terceros<br \/>ACCESO A LA INFORMACI\u00d3N: Google Analytics<br \/>INFORMACI\u00d3N: <a href=\"https:\/\/developers.google.com\/analytics\/devguides\/collection\/analyticsjs\" target=\"_blank\" rel=\"noopener\">https:\/\/developers.google.com\/analytics\/devguides\/collection\/analyticsjs&#8230; https:\/\/policies.google.com\/privacy?hl=es<\/a><br \/><a href=\"https:\/\/policies.google.com\/privacy?hl=de\" target=\"_blank\" rel=\"noopener\">https:\/\/policies.google.com\/privacy?hl=de<\/a><\/p>\n<p>Las cookies de terceros utilizadas (Third-party Cookies) son an\u00f3nimas. El titular de esta p\u00e1gina web ha anonimizado la direcci\u00f3n IP para que Google no pueda vincular de ninguna forma la direcci\u00f3n IP del usuario con otros datos. Los datos recabados se utilzan \u00fanicamente para rastrear y comprobar la utilizaci\u00f3n de la p\u00e1gina web por parte del usuario para elaborar estad\u00edsticas basadas en informaci\u00f3n recopilada de forma an\u00f3nima con datos agregados.<br \/>Acceda al enlace siguiente para consultar la documentaci\u00f3n de Google relativa al Servicio de Google Analytics y para dar su consentimiento para la utilizaci\u00f3n de las cookies mencionadas m\u00e1s arriba: <a href=\"https:\/\/policies.google.com\/privacy?hl=de\" target=\"_blank\" rel=\"noopener\">https:\/\/policies.google.com\/privacy?hl=es<\/a><\/p>\n<p><strong>GESTI\u00d3N DE LAS COOKIES<\/strong><br \/>Puede consultar los siguientes enlaces para m\u00e1s informaci\u00f3n sobre la configuraci\u00f3n personalizada para el uso de cookies en su navegador.<\/p>\n<p>Internet Explorer: <a href=\"https:\/\/support.microsoft.com\/de-de\/help\/278835\/\" target=\"_blank\" rel=\"noopener\">https:\/\/support.microsoft.com\/es-es\/help\/278835\/<\/a><br \/>Chrome:<a href=\"https:\/\/support.google.com\/chrome\/answer\/95647?hl=de-DE\" target=\"_blank\" rel=\"noopener\">https:\/\/support.google.com\/chrome\/answer\/95647?hl=es-ES<\/a><br \/>Safari: <a href=\"https:\/\/support.apple.com\/de-de\/HT201265\" target=\"_blank\" rel=\"noopener\">https:\/\/support.apple.com\/es-es\/guide\/safari\/sfri11471\/11.0\/mac\/10.13<\/a><br \/>Safari (mobile Version): <a href=\"https:\/\/support.apple.com\/de-de\/HT201265\" target=\"_blank\" rel=\"noopener\">https:\/\/support.apple.com\/es-es\/HT201265<\/a><br \/>Firefox: <a href=\"http:\/\/mzl.la\/1BAQFQq\" target=\"_blank\" rel=\"noopener\">http:\/\/mzl.la\/1BAQFQq<\/a><br \/>Android: <a href=\"https:\/\/support.google.com\/accounts\/answer\/61416?hl=de\" target=\"_blank\" rel=\"noopener\">https:\/\/support.google.com\/accounts\/answer\/61416?hl=es<\/a><br \/>Opera: <a href=\"https:\/\/help.opera.com\/de\/latest\/security-and-privacy\/\" target=\"_blank\" rel=\"noopener\">https:\/\/help.opera.com\/de\/latest\/security-and-privacy\/<\/a><\/p>\n<p><strong>CONSENTIMIENTO<\/strong><br \/>Seg\u00fan la normativa vigente, no es necesario el consentimiento del usuario para la utilizaci\u00f3n de cookies t\u00e9cnicas, ya que se trata de cookies indispensables para el correcto funcionamiento de la p\u00e1gina web y necesarias para poder ofrecer al usuario los servicios solicitados.<\/p>\n<p>Entre las cookies t\u00e9cnicas que no requieren de consentimiento expreso para su utilizaci\u00f3n, la Autoridad de Protecci\u00f3n de Datos italiana (v\u00e9ase la medida del 07\/05\/2014) incluye tambi\u00e9n las cookies de navegaci\u00f3n o de la sesi\u00f3n necesarias para la autentificaci\u00f3n o para poder realizar compras. Asimismo, tambi\u00e9n incluye cookies anal\u00edticas que utiliza directamente el operador del sitio para poder recabar datos agregados sobre le n\u00famero de usuarios y su comportamiento en relaci\u00f3n con esta p\u00e1gina web.<\/p>\n<p>Las cookies de perfil requieren el consentimiento expreso previo del usuario. Esta p\u00e1gina web no utiliza ninguna cookie de perfil.<\/p>\n\t\t\t\t\t\t\t\t<\/div>\n\t\t\t\t<\/div>\n\t\t\t\t\t<\/div>\n\t\t<\/div>\n\t\t\t\t\t<\/div>\n\t\t<\/section>\n\t\t\t\t\t<\/div>\n\t\t<\/div>\n\t\t\t\t\t<\/div>\n\t\t<\/section>\n\t\t\t\t<section class=\"elementor-section elementor-top-section elementor-element elementor-element-0d636e5 elementor-section-full_width elementor-section-height-default elementor-section-height-default elementor-invisible\" data-id=\"0d636e5\" data-element_type=\"section\" data-e-type=\"section\" data-settings=\"{&quot;background_background&quot;:&quot;classic&quot;,&quot;animation&quot;:&quot;fadeIn&quot;}\">\n\t\t\t\t\t\t<div class=\"elementor-container elementor-column-gap-default\">\n\t\t\t\t\t<div class=\"elementor-column elementor-col-100 elementor-top-column elementor-element elementor-element-eef6b38\" data-id=\"eef6b38\" data-element_type=\"column\" data-e-type=\"column\">\n\t\t\t<div class=\"elementor-widget-wrap elementor-element-populated\">\n\t\t\t\t\t\t<section class=\"elementor-section elementor-inner-section elementor-element elementor-element-a9a3483 elementor-section-full_width elementor-section-height-default elementor-section-height-default elementor-invisible\" data-id=\"a9a3483\" data-element_type=\"section\" data-e-type=\"section\" data-settings=\"{&quot;animation&quot;:&quot;fadeIn&quot;}\">\n\t\t\t\t\t\t<div class=\"elementor-container elementor-column-gap-default\">\n\t\t\t\t\t<div class=\"elementor-column elementor-col-25 elementor-inner-column elementor-element elementor-element-3d4780f\" data-id=\"3d4780f\" data-element_type=\"column\" data-e-type=\"column\">\n\t\t\t<div class=\"elementor-widget-wrap elementor-element-populated\">\n\t\t\t\t\t\t<div class=\"elementor-element elementor-element-1743cb0 elementor-view-default elementor-widget elementor-widget-icon\" data-id=\"1743cb0\" data-element_type=\"widget\" data-e-type=\"widget\" data-widget_type=\"icon.default\">\n\t\t\t\t<div class=\"elementor-widget-container\">\n\t\t\t\t\t\t\t<div class=\"elementor-icon-wrapper\">\n\t\t\t<div class=\"elementor-icon\">\n\t\t\t<svg xmlns=\"http:\/\/www.w3.org\/2000\/svg\" viewBox=\"0 0 90.28 36.27\"><g id=\"Ebene_2\" data-name=\"Ebene 2\"><g id=\"Ebene_1-2\" data-name=\"Ebene 1\"><path d=\"M61.1,0H0A13.8278,13.8278,0,0,0,1.59,5.02c1.77,3.23,4.77,5.35,8.18,5.35h61.1C70.16,4.51,66.05,0,61.1,0Z\" style=\"fill:#fff\"><\/path><path d=\"M80.51,13.11H19.41A13.8278,13.8278,0,0,0,21,18.13c1.77,3.23,4.77,5.35,8.18,5.35h61.1C89.57,17.61,85.47,13.11,80.51,13.11Z\" style=\"fill:#fff\"><\/path><path d=\"M71.6,25.9H10.5a13.8278,13.8278,0,0,0,1.59,5.02c1.77,3.23,4.77,5.35,8.18,5.35h61.1C80.66,30.4,76.56,25.9,71.6,25.9Z\" style=\"fill:#fff\"><\/path><\/g><\/g><\/svg>\t\t\t<\/div>\n\t\t<\/div>\n\t\t\t\t\t\t<\/div>\n\t\t\t\t<\/div>\n\t\t\t\t\t<\/div>\n\t\t<\/div>\n\t\t\t\t<div class=\"elementor-column elementor-col-25 elementor-inner-column elementor-element elementor-element-cb934bc\" data-id=\"cb934bc\" data-element_type=\"column\" data-e-type=\"column\">\n\t\t\t<div class=\"elementor-widget-wrap elementor-element-populated\">\n\t\t\t\t\t\t<div class=\"elementor-element elementor-element-b6ed7cd elementor-widget elementor-widget-heading\" data-id=\"b6ed7cd\" data-element_type=\"widget\" data-e-type=\"widget\" data-widget_type=\"heading.default\">\n\t\t\t\t<div class=\"elementor-widget-container\">\n\t\t\t\t\t<h3 class=\"elementor-heading-title elementor-size-default\">You need further information?<\/h3>\t\t\t\t<\/div>\n\t\t\t\t<\/div>\n\t\t\t\t<div class=\"elementor-element elementor-element-7107401 elementor-widget elementor-widget-text-editor\" data-id=\"7107401\" data-element_type=\"widget\" data-e-type=\"widget\" data-widget_type=\"text-editor.default\">\n\t\t\t\t<div class=\"elementor-widget-container\">\n\t\t\t\t\t\t\t\t\t<p>Feel free to contact us!<\/p>\n\t\t\t\t\t\t\t\t<\/div>\n\t\t\t\t<\/div>\n\t\t\t\t\t<\/div>\n\t\t<\/div>\n\t\t\t\t<div class=\"elementor-column elementor-col-25 elementor-inner-column elementor-element elementor-element-03a0258\" data-id=\"03a0258\" data-element_type=\"column\" data-e-type=\"column\">\n\t\t\t<div class=\"elementor-widget-wrap elementor-element-populated\">\n\t\t\t\t\t\t<div class=\"elementor-element elementor-element-b78a5b8 elementor-widget__width-inherit elementor-align-justify elementor-widget elementor-widget-button\" data-id=\"b78a5b8\" data-element_type=\"widget\" data-e-type=\"widget\" data-widget_type=\"button.default\">\n\t\t\t\t<div class=\"elementor-widget-container\">\n\t\t\t\t\t\t\t\t\t<div class=\"elementor-button-wrapper\">\n\t\t\t\t\t<a class=\"elementor-button elementor-button-link elementor-size-sm\" href=\"#\">\n\t\t\t\t\t\t<span class=\"elementor-button-content-wrapper\">\n\t\t\t\t\t\t\t\t\t<span class=\"elementor-button-text\">Callback-Service<\/span>\n\t\t\t\t\t<\/span>\n\t\t\t\t\t<\/a>\n\t\t\t\t<\/div>\n\t\t\t\t\t\t\t\t<\/div>\n\t\t\t\t<\/div>\n\t\t\t\t\t<\/div>\n\t\t<\/div>\n\t\t\t\t<div class=\"elementor-column elementor-col-25 elementor-inner-column elementor-element elementor-element-a45a1c2\" data-id=\"a45a1c2\" data-element_type=\"column\" data-e-type=\"column\">\n\t\t\t<div class=\"elementor-widget-wrap elementor-element-populated\">\n\t\t\t\t\t\t<div class=\"elementor-element elementor-element-3cb0285 elementor-widget__width-inherit elementor-align-justify elementor-widget elementor-widget-button\" data-id=\"3cb0285\" data-element_type=\"widget\" data-e-type=\"widget\" data-widget_type=\"button.default\">\n\t\t\t\t<div class=\"elementor-widget-container\">\n\t\t\t\t\t\t\t\t\t<div class=\"elementor-button-wrapper\">\n\t\t\t\t\t<a class=\"elementor-button elementor-button-link elementor-size-sm\" href=\"#\">\n\t\t\t\t\t\t<span class=\"elementor-button-content-wrapper\">\n\t\t\t\t\t\t\t\t\t<span class=\"elementor-button-text\">E-Mail<\/span>\n\t\t\t\t\t<\/span>\n\t\t\t\t\t<\/a>\n\t\t\t\t<\/div>\n\t\t\t\t\t\t\t\t<\/div>\n\t\t\t\t<\/div>\n\t\t\t\t\t<\/div>\n\t\t<\/div>\n\t\t\t\t\t<\/div>\n\t\t<\/section>\n\t\t\t\t\t<\/div>\n\t\t<\/div>\n\t\t\t\t\t<\/div>\n\t\t<\/section>\n\t\t\t\t<\/div>\n\t\t","protected":false},"excerpt":{"rendered":"<p>Pol\u00edtica de cookies [borlabs-cookie type=\u00bbbtn-cookie-preference\u00bb title=\u00bbCambiar la configuraci\u00f3n de las cookies\u00bb \/] TopControl Srl con sede en Via Enzenberg 24\/A, 39018 Terlano, Italia, titular del tratamiento de los datos, informa al usuario de esta p\u00e1gina web y de sus correspondientes subdominios sobre el tipo de cookies utilizadas y las finalidades que se persiguen con la [&hellip;]<\/p>\n","protected":false},"author":1,"featured_media":0,"parent":0,"menu_order":0,"comment_status":"closed","ping_status":"closed","template":"","meta":{"_acf_changed":false,"site-sidebar-layout":"no-sidebar","site-content-layout":"page-builder","ast-site-content-layout":"default","site-content-style":"default","site-sidebar-style":"default","ast-global-header-display":"","ast-banner-title-visibility":"","ast-main-header-display":"","ast-hfb-above-header-display":"","ast-hfb-below-header-display":"","ast-hfb-mobile-header-display":"","site-post-title":"disabled","ast-breadcrumbs-content":"","ast-featured-img":"disabled","footer-sml-layout":"","ast-disable-related-posts":"","theme-transparent-header-meta":"default","adv-header-id-meta":"","stick-header-meta":"","header-above-stick-meta":"","header-main-stick-meta":"","header-below-stick-meta":"","astra-migrate-meta-layouts":"default","ast-page-background-enabled":"default","ast-page-background-meta":{"desktop":{"background-color":"var(--ast-global-color-4)","background-image":"","background-repeat":"repeat","background-position":"center center","background-size":"auto","background-attachment":"scroll","background-type":"","background-media":"","overlay-type":"","overlay-color":"","overlay-opacity":"","overlay-gradient":""},"tablet":{"background-color":"","background-image":"","background-repeat":"repeat","background-position":"center center","background-size":"auto","background-attachment":"scroll","background-type":"","background-media":"","overlay-type":"","overlay-color":"","overlay-opacity":"","overlay-gradient":""},"mobile":{"background-color":"","background-image":"","background-repeat":"repeat","background-position":"center center","background-size":"auto","background-attachment":"scroll","background-type":"","background-media":"","overlay-type":"","overlay-color":"","overlay-opacity":"","overlay-gradient":""}},"ast-content-background-meta":{"desktop":{"background-color":"var(--ast-global-color-5)","background-image":"","background-repeat":"repeat","background-position":"center center","background-size":"auto","background-attachment":"scroll","background-type":"","background-media":"","overlay-type":"","overlay-color":"","overlay-opacity":"","overlay-gradient":""},"tablet":{"background-color":"var(--ast-global-color-5)","background-image":"","background-repeat":"repeat","background-position":"center center","background-size":"auto","background-attachment":"scroll","background-type":"","background-media":"","overlay-type":"","overlay-color":"","overlay-opacity":"","overlay-gradient":""},"mobile":{"background-color":"var(--ast-global-color-5)","background-image":"","background-repeat":"repeat","background-position":"center center","background-size":"auto","background-attachment":"scroll","background-type":"","background-media":"","overlay-type":"","overlay-color":"","overlay-opacity":"","overlay-gradient":""}},"footnotes":""},"class_list":["post-9095","page","type-page","status-publish","hentry"],"acf":[],"_links":{"self":[{"href":"https:\/\/www.topcontrol.it\/es\/wp-json\/wp\/v2\/pages\/9095","targetHints":{"allow":["GET"]}}],"collection":[{"href":"https:\/\/www.topcontrol.it\/es\/wp-json\/wp\/v2\/pages"}],"about":[{"href":"https:\/\/www.topcontrol.it\/es\/wp-json\/wp\/v2\/types\/page"}],"author":[{"embeddable":true,"href":"https:\/\/www.topcontrol.it\/es\/wp-json\/wp\/v2\/users\/1"}],"replies":[{"embeddable":true,"href":"https:\/\/www.topcontrol.it\/es\/wp-json\/wp\/v2\/comments?post=9095"}],"version-history":[{"count":2,"href":"https:\/\/www.topcontrol.it\/es\/wp-json\/wp\/v2\/pages\/9095\/revisions"}],"predecessor-version":[{"id":12383,"href":"https:\/\/www.topcontrol.it\/es\/wp-json\/wp\/v2\/pages\/9095\/revisions\/12383"}],"wp:attachment":[{"href":"https:\/\/www.topcontrol.it\/es\/wp-json\/wp\/v2\/media?parent=9095"}],"curies":[{"name":"wp","href":"https:\/\/api.w.org\/{rel}","templated":true}]}}